{"id":1365,"date":"2025-07-25T10:06:56","date_gmt":"2025-07-25T08:06:56","guid":{"rendered":"https:\/\/oceanbeat.com\/?page_id=1365"},"modified":"2026-02-08T18:11:17","modified_gmt":"2026-02-08T17:11:17","slug":"bedingungen-und-konditionen","status":"publish","type":"page","link":"https:\/\/oceanbeat.com\/de\/terms-and-conditions\/","title":{"rendered":"Bedingungen und Konditionen"},"content":{"rendered":"<div data-elementor-type=\"wp-page\" data-elementor-id=\"1365\" class=\"elementor elementor-1365\" data-elementor-post-type=\"page\">\n\t\t\t\t<div class=\"elementor-element elementor-element-e99b722 e-flex e-con-boxed e-con e-parent\" data-id=\"e99b722\" data-element_type=\"container\" data-e-type=\"container\">\n\t\t\t\t\t<div class=\"e-con-inner\">\n\t\t\t\t<div class=\"elementor-element elementor-element-6a53d31 elementor-widget elementor-widget-heading\" data-id=\"6a53d31\" data-element_type=\"widget\" data-e-type=\"widget\" data-widget_type=\"heading.default\">\n\t\t\t\t\t<h2 class=\"elementor-heading-title elementor-size-default\">\nBEDINGUNGEN UND KONDITIONEN<\/h2>\t\t\t\t<\/div>\n\t\t\t\t<div class=\"elementor-element elementor-element-586181b elementor-widget elementor-widget-text-editor\" data-id=\"586181b\" data-element_type=\"widget\" data-e-type=\"widget\" data-widget_type=\"text-editor.default\">\n\t\t\t\t\t\t\t\t\t<p class=\"font_8 wixui-rich-text__text\"><span class=\"wixui-rich-text__text\">Allgemeine Bedingungen und Konditionen<br class=\"wixui-rich-text__text\" \/>Alles, was auf diesen Seiten enthalten ist, ist durch das Urheberrecht gesch\u00fctzt. Die Vervielf\u00e4ltigung von Teilen dieser Website in jeglicher Form ist nur mit schriftlicher Genehmigung von Five Palm Entertainment Ltd. gestattet.<br class=\"wixui-rich-text__text\" \/>Five Palm Entertainment Ltd hat sich zum Ziel gesetzt, praktische, zuverl\u00e4ssige und sachliche Reiseinformationen bereitzustellen. Obwohl wir uns bem\u00fcht haben, die Informationen auf dieser Website so genau wie m\u00f6glich zu gestalten, \u00fcbernehmen wir keine Verantwortung f\u00fcr Verluste, Verletzungen oder Unannehmlichkeiten, die einer Person aufgrund der auf dieser Website ver\u00f6ffentlichten Informationen entstehen.<br class=\"wixui-rich-text__text\" \/>Five Palm Entertainment Ltd. bietet zwar zahlreiche externe Links zu anderen Websites an, \u00fcbernimmt jedoch keine Verantwortung f\u00fcr den Inhalt und die Richtigkeit dieser Websites sowie f\u00fcr etwaige Verluste, Verletzungen oder Unannehmlichkeiten, die einer Person aufgrund der auf diesen externen Websites ver\u00f6ffentlichten Informationen entstehen.<br class=\"wixui-rich-text__text\" \/>\u00a0<br class=\"wixui-rich-text__text\" \/>Haftungsausschl\u00fcsse<br class=\"wixui-rich-text__text\" \/>Five Palm Entertainment Ltd bem\u00fcht sich nach besten Kr\u00e4ften, die Richtigkeit der ver\u00f6ffentlichten Informationen zu \u00fcberpr\u00fcfen. Sie sollten jedoch beachten, dass Five Palm Entertainment Ltd. keine Garantie daf\u00fcr \u00fcbernimmt, dass diese Informationen fehlerfrei sind, und der Nutzer erkennt an, dass die ver\u00f6ffentlichten Informationen, Unterkunfts- oder Reiseinformationen, Produkte und Dienstleistungen Ungenauigkeiten oder typografische Fehler enthalten k\u00f6nnen. Die hierin enthaltenen Informationen werden in regelm\u00e4\u00dfigen Abst\u00e4nden ge\u00e4ndert. Five Palm Entertainment Ltd und\/oder ihre jeweiligen Lieferanten k\u00f6nnen jederzeit Verbesserungen und\/oder \u00c4nderungen vornehmen.<br class=\"wixui-rich-text__text\" \/><br class=\"wixui-rich-text__text\" \/>In keinem Fall haften Five Palm Entertainment Ltd und\/oder ihre Lieferanten f\u00fcr indirekte, zuf\u00e4llige, besondere oder Folgesch\u00e4den, die aus der Nutzung von Dienstleistungen oder Material oder der Verz\u00f6gerung oder Unm\u00f6glichkeit der Nutzung des Vorgenannten entstehen oder in irgendeiner Weise damit verbunden sind, oder f\u00fcr Informationen, Unterk\u00fcnfte, Produkte und Dienstleistungen, die durch Ver\u00f6ffentlichungen erhalten wurden oder anderweitig aus der Nutzung dieser Websites entstehen, unabh\u00e4ngig davon, ob sie auf einem Vertrag, einer unerlaubten Handlung, einer verschuldensunabh\u00e4ngigen Haftung oder anderweitig beruhen, selbst wenn Five Palm Entertainment Ltd oder einer ihrer Lieferanten auf die M\u00f6glichkeit von Sch\u00e4den hingewiesen wurde.<br class=\"wixui-rich-text__text\" \/><br class=\"wixui-rich-text__text\" \/>Sollte Five Palm Entertainment Ltd. oder ein dritter Datenanbieter oder Unterkunftsanbieter ungeachtet des Vorstehenden f\u00fcr Verluste oder Sch\u00e4den haftbar gemacht werden, die sich aus den oben beschriebenen Funktionen oder Benutzerpublikationen, Diensten oder deren Inhalten ergeben oder in irgendeiner Weise damit verbunden sind. Die Haftung von Five Palm Entertainment Ltd. und dritten Datenanbietern und Unterkunftsanbietern \u00fcbersteigt in keinem Fall den Gesamtbetrag der Abonnementgeb\u00fchr oder Servicegeb\u00fchr\/Buchungsgeb\u00fchr f\u00fcr den Zugang zu dieser Website, f\u00fcr die eine Haftung festgestellt wird, und in keinem Fall haften die Anbieter f\u00fcr entgangene Gewinne, Chancen, Einnahmen oder Gewinne des Kunden und\/oder indirekte oder Folgesch\u00e4den jeglicher Art.<br class=\"wixui-rich-text__text\" \/><br class=\"wixui-rich-text__text\" \/>Der Kunde stellt den Anbieter von allen Klagen oder Anspr\u00fcchen Dritter sowie von Kosten frei, die sich aus einer Handlung oder Unterlassung im Rahmen dieses Vertrages ergeben. Der Anbieter wird von seinen Verpflichtungen aus diesem Vertrag entbunden, wenn er seinen Verpflichtungen aufgrund h\u00f6herer Gewalt, Ware, Angriffen, Feuer, \u00dcberschwemmungen oder Bodensenkungen, Ger\u00e4teausfall, Stromausfall, Arbeitsniederlegung oder anderen Arbeitskampfma\u00dfnahmen des Anbieters oder eines Dritten, die entweder direkt oder indirekt au\u00dferhalb der Kontrolle des Anbieters liegen, nicht nachkommen kann. Five Palm Entertainment Ltd ist keine Vertragspartei und agiert nur als Betreiber des Buchungssystems und tr\u00e4gt grunds\u00e4tzlich keine Verantwortung in Bezug auf die Bedingungen dieser Vereinbarung, weder direkt noch indirekt.<br class=\"wixui-rich-text__text\" \/><br class=\"wixui-rich-text__text\" \/>Die Kunden sind daf\u00fcr verantwortlich, den Anweisungen von Oceanbeat (Five Palm Entertainment Ltd) bez\u00fcglich Ort, Zeit und Sicherheit zu folgen. Bei Nichteinhaltung der Anweisungen besteht kein Anspruch auf R\u00fcckerstattung. Mit dem Kauf einer Eintrittskarte erkl\u00e4rt sich der Kunde mit der kommerziellen Nutzung von Fotos, Videomaterial, etc. einverstanden, die w\u00e4hrend der Veranstaltungen von Five Palm Entertainment Ltd. aufgenommen werden.<br class=\"wixui-rich-text__text\" \/>Die erworbenen Eintrittskarten sind f\u00fcr den pers\u00f6nlichen Gebrauch des K\u00e4ufers und\/oder der Gruppe bestimmt. Sie d\u00fcrfen nicht weiterverkauft werden und sind nicht \u00fcbertragbar.<br class=\"wixui-rich-text__text\" \/>Sie m\u00fcssen mindestens 18 Jahre alt sein, um Clubbing-Locations, Bootspartys oder andere Clubbing-Veranstaltungen zu besuchen.<br class=\"wixui-rich-text__text\" \/>Mehrfache Buchungen. Bei Mehrfachbuchungen ist der Inhaber der Kreditkarte verpflichtet, am Veranstaltungsort anwesend zu sein. Der Einlass wird verweigert, wenn der Inhaber der f\u00fcr die Bezahlung der Eintrittskarten verwendeten Kreditkarte nicht anwesend ist.<br class=\"wixui-rich-text__text\" \/><br class=\"wixui-rich-text__text\" \/>Der Kreditkarteninhaber muss die zur Zahlung verwendete Kreditkarte zusammen mit einem Ausweisdokument mit Lichtbild (F\u00fchrerschein, Personalausweis oder Reisepass) am Eingang des Veranstaltungsortes vorlegen. Fotokopien werden nicht akzeptiert. (Wenn die Zahlung \u00fcber PayPal erfolgt ist oder die Tickets Teil eines Pauschalangebots sind, ist die Vorlage einer Kreditkarte nicht erforderlich). Fast alle Veranstaltungsorte verlangen die Vorlage einer ausgedruckten Eintrittskarte, was in Ihrer Best\u00e4tigungs-E-Mail deutlich angegeben ist.<br class=\"wixui-rich-text__text\" \/>Sollte der Veranstaltungsort an dem Tag, f\u00fcr den die Eintrittskarte gekauft wurde, nicht ge\u00f6ffnet sein oder die Veranstaltung abgesagt werden, werden Sie im Voraus per E-Mail dar\u00fcber informiert und erhalten den vollen gezahlten Betrag zur\u00fcck.<br class=\"wixui-rich-text__text\" \/><br class=\"wixui-rich-text__text\" \/>Der Veranstaltungsort beh\u00e4lt sich das Recht vor, den Zutritt unter bestimmten Umst\u00e4nden zu verweigern, z. B. bei nachgewiesenem Konsum von Alkohol, Drogen oder anderen Bet\u00e4ubungsmitteln. Im Falle einer Verweigerung des Zutritts zum Veranstaltungsort \u00fcbernimmt Five Palm Entertainment Ltd. keine Haftung in dieser Hinsicht und alle entsprechenden Anspr\u00fcche sollten bei den Eigent\u00fcmern der Aktivit\u00e4t geltend gemacht werden.<br class=\"wixui-rich-text__text\" \/>Bei Diebstahl oder Verlust der gekauften Eintrittskarten wenden Sie sich bitte so schnell wie m\u00f6glich per E-Mail an Five Palm Entertainment Ltd, um Ersatz zu erhalten.<br class=\"wixui-rich-text__text\" \/><br class=\"wixui-rich-text__text\" \/>Die Liste der angek\u00fcndigten DJs kann \u00c4nderungen unterliegen. Five Palm Entertainment Ltd kann nicht f\u00fcr diesbez\u00fcgliche \u00c4nderungen verantwortlich gemacht werden.<br class=\"wixui-rich-text__text\" \/><br class=\"wixui-rich-text__text\" \/>Falls die f\u00fcr den Kauf der Eintrittskarte verwendete Karte gestohlen wird oder die Eintrittskarten durch betr\u00fcgerische Verwendung der Karte erworben wurden, kann der Betrag zur\u00fcckverlangt werden, indem Sie sich mindestens 24 Stunden vor der Veranstaltung an Five Palm Entertainment Ltd. wenden. In diesem Fall werden die gekauften Karten storniert.<br class=\"wixui-rich-text__text\" \/><br class=\"wixui-rich-text__text\" \/>Die Kunden sind daf\u00fcr verantwortlich, den Anweisungen von Oceanbeat (Five Palm Entertainment Ltd) bez\u00fcglich Ort, Zeit und Sicherheit zu folgen.<br class=\"wixui-rich-text__text\" \/><br class=\"wixui-rich-text__text\" \/>Mit dem Kauf der Eintrittskarte erkl\u00e4rt sich DER Kunde mit dem Umweltschutzprogramm von Five Palm Entertainment Ltd. einverstanden. Wenn der Becher verloren geht, muss der Kunde einen neuen Becher f\u00fcr 1 \u20ac kaufen.<br class=\"wixui-rich-text__text\" \/><br class=\"wixui-rich-text__text\" \/>Five Palm Entertainment Ltd. ist nur der Betreiber der Bootsparty. Five Palm Entertainment Ltd hat f\u00fcr diese Veranstaltung nur eine beschr\u00e4nkte Haftung, da Five Palm Entertainment Ltd nicht mit eigenen Veranstaltungsr\u00e4umen ausgestattet ist. Die Bootsparty findet auf einem gemieteten Boot der Firma Ulises Cat statt. Die Firma Ulises Cat ist f\u00fcr die Einhaltung der Sicherheitsstandards auf dem Boot verantwortlich. Dar\u00fcber hinaus beauftragt Five Palm Entertainment Ltd. die Sicherheitsfirma Control Solutions Ibiza S.L., die f\u00fcr die Sicherheit unserer Kunden auf dem Boot zust\u00e4ndig ist. Der Kunde findet die Allgemeinen Gesch\u00e4ftsbedingungen im Detail auf der Homepage des Unternehmens<a class=\"wixui-rich-text__text\" href=\"https:\/\/oceanbeat.com\" target=\"_blank\" rel=\"noreferrer noopener\">\u00a0oceanbeat.com<\/a><br class=\"wixui-rich-text__text\" \/><br class=\"wixui-rich-text__text\" \/>F\u00fcr alle anderen Veranstaltungen, einschlie\u00dflich der Pre-Party, After-Party und Club-Events, agiert Five Palm Entertainment Ltd. bei dieser Transaktion lediglich als Vermittler f\u00fcr den Veranstaltungsort und verkauft Tickets f\u00fcr den Zugang zu diesem. Alle Veranstaltungen, die den Kunden angeboten werden, sind von der Verf\u00fcgbarkeit abh\u00e4ngig, so dass sich Orte und Daten \u00e4ndern k\u00f6nnen.<br class=\"wixui-rich-text__text\" \/><br class=\"wixui-rich-text__text\" \/>Im Falle von Anspr\u00fcchen aus dieser Transaktion wenden Sie sich bitte an Five Palm Entertainment Ltd Av. Pedro Matutes Noguera 22 bajo. Balearische Inseln<br class=\"wixui-rich-text__text\" \/><br class=\"wixui-rich-text__text\" \/>Bei der Verletzung von wesentlichen Vertragspflichten (sog. Kardinalpflichten), die auf einfacher Fahrl\u00e4ssigkeit beruhen, haftet der Betreiber beschr\u00e4nkt auf den Ersatz des vertragstypischen, vorhersehbaren Schadens.<br class=\"wixui-rich-text__text\" \/><br class=\"wixui-rich-text__text\" \/>Ulises Cat und die Sicherheitsfirma haften unbeschr\u00e4nkt f\u00fcr vors\u00e4tzliche und grob fahrl\u00e4ssige Sch\u00e4den, im Falle des arglistigen Verschweigens eines Mangels sowie f\u00fcr Sch\u00e4den aus der Verletzung des Lebens, des K\u00f6rpers oder der Gesundheit.<br class=\"wixui-rich-text__text\" \/><br class=\"wixui-rich-text__text\" \/>Der Betreiber haftet nicht f\u00fcr Sch\u00e4den, die durch einfache Fahrl\u00e4ssigkeit verursacht wurden, au\u00dfer in den unter den Punkten (B) und (C) beschriebenen F\u00e4llen.<br class=\"wixui-rich-text__text\" \/>\u00a0<br class=\"wixui-rich-text__text\" \/>Durchf\u00fchrung, Vertagung oder Absage der Veranstaltung\/ R\u00fcckgabe und R\u00fcckerstattung des Veranstaltungstickets.<br class=\"wixui-rich-text__text\" \/>Im Falle einer Stornierung durch den Kunden beh\u00e4lt sich Five Palm Entertainment Ltd. das Recht vor, Stornierungsgeb\u00fchren in H\u00f6he der Reservierungskosten (Vorauszahlung) einzubehalten.<br class=\"wixui-rich-text__text\" \/><br class=\"wixui-rich-text__text\" \/>Five Palm Entertainment Ltd. beh\u00e4lt sich das Recht vor, die Bootsparty innerhalb von 24 Stunden ohne R\u00fcckerstattung auf einen anderen Termin zu verlegen. Veranstaltungstickets werden nur zur\u00fcckerstattet, wenn die Veranstaltung abgesagt wird und es keine Ersatzveranstaltung gibt. Der Kaufpreis wird zur\u00fcckerstattet, nicht aber die Vorverkaufsgeb\u00fchr, die Versandkosten oder sonstige Geb\u00fchren. Die Reisekosten werden nicht erstattet. Daher m\u00fcssen sich die Besucher rechtzeitig informieren, ob die Veranstaltung stattfindet.<br class=\"wixui-rich-text__text\" \/><br class=\"wixui-rich-text__text\" \/>Der Veranstalter beh\u00e4lt sich das Recht vor, die Zeit und\/oder den Ort der Veranstaltung zu \u00e4ndern. Die Veranstaltung findet unabh\u00e4ngig von den Wetterbedingungen statt, es sei denn, unser Kapit\u00e4n sagt ein erhebliches Risiko f\u00fcr das Leben, die Gesundheit, die Sicherheit oder den Komfort unserer Kunden, K\u00fcnstler und Mitarbeiter voraus.<br class=\"wixui-rich-text__text\" \/><br class=\"wixui-rich-text__text\" \/>Daher kann es zu erheblichen Einschr\u00e4nkungen kommen. Wenn die Veranstaltung abgesagt wird, geschieht dies nach Absprache mit dem Eigent\u00fcmer der Veranstaltungsorte. Ob und in welchem Umfang eine Erstattung erfolgen kann, h\u00e4ngt vom Zeitpunkt der Absage der Veranstaltung und den bis dahin erbrachten Leistungen ab. Die vorstehenden Bestimmungen gelten sinngem\u00e4\u00df auch f\u00fcr andere notwendige Veranstaltungsabsagen, z.B. aus administrativen oder technischen Gr\u00fcnden. Aufgrund von Wetter, Wind, starker Str\u00f6mung, starkem Hafenverkehr und anderen Faktoren auf See kann sich die Abfahrtszeit um bis zu 2 Stunden verz\u00f6gern. F\u00fcr diese Faktoren kann keine Erstattung beantragt werden.<br class=\"wixui-rich-text__text\" \/><br class=\"wixui-rich-text__text\" \/>Wir bitten die Kunden, bei der Planung ihrer anderen Aktivit\u00e4ten einen zeitlichen Puffer um die geplante Bootsparty herum einzuplanen.<\/span><\/p><p class=\"font_3 wixui-rich-text__text\">100% Zufriedenheitsgarantie<\/p><p class=\"font_8 wixui-rich-text__text\">Wenn Sie mit unserem Bootsparty-Erlebnis nicht zufrieden sind, bieten wir Ihnen eine vollst\u00e4ndige Geld-zur\u00fcck-Garantie unter den folgenden Bedingungen:<\/p><ol class=\"font_8 wixui-rich-text__text\"><li class=\"wixui-rich-text__text\"><p class=\"font_8 wixui-rich-text__text\">Zeitliche Begrenzung:<br class=\"wixui-rich-text__text\" \/>Sie m\u00fcssen jedes Besatzungsmitglied innerhalb der ersten 20 Minuten nach dem Auslaufen des Schiffes benachrichtigen.<\/p><\/li><li class=\"wixui-rich-text__text\"><p class=\"font_8 wixui-rich-text__text\">Verfahren:<\/p><ul class=\"font_8 wixui-rich-text__text\"><li class=\"wixui-rich-text__text\"><p class=\"font_8 wixui-rich-text__text\">Bei Benachrichtigung schneidet unsere Crew Ihr Armband durch, um den Zugang zur oberen Tanzfl\u00e4che und zu den Barbereichen dauerhaft zu sperren.<\/p><\/li><li class=\"wixui-rich-text__text\"><p class=\"font_8 wixui-rich-text__text\">Sie k\u00f6nnen sich bis zur R\u00fcckkehr des Schiffes in den daf\u00fcr vorgesehenen Bereichen auf dem Unterdeck aufhalten.<\/p><\/li><li class=\"wixui-rich-text__text\"><p class=\"font_8 wixui-rich-text__text\">Nach dem Entfernen des Armbands ist der Verzehr von Speisen, Getr\u00e4nken oder Dienstleistungen nicht mehr gestattet.<\/p><\/li><\/ul><\/li><li class=\"wixui-rich-text__text\"><p class=\"font_8 wixui-rich-text__text\">Erstattung:<\/p><ul class=\"font_8 wixui-rich-text__text\"><li class=\"wixui-rich-text__text\"><p class=\"font_8 wixui-rich-text__text\">Barzahlung: Die Erstattung erfolgt unmittelbar nach der \u00dcbergabe.<\/p><\/li><li class=\"wixui-rich-text__text\"><p class=\"font_8 wixui-rich-text__text\">Online-Zahlungen: Volle R\u00fcckerstattung innerhalb von 7 Werktagen.<\/p><\/li><\/ul><\/li><\/ol><p class=\"font_8 wixui-rich-text__text\">Hinweis: Diese Garantie verf\u00e4llt nach 20 Minuten oder wenn Sie die Dienste nach Entfernen des Armbands weiter nutzen. Zugangsbeschr\u00e4nkungen stellen sicher, dass die bezahlten Dienstleistungen vor der Erstattung nicht teilweise in Anspruch genommen werden.<\/p><p class=\"font_8 wixui-rich-text__text\"><br class=\"wixui-rich-text__text\" \/><br class=\"wixui-rich-text__text\" \/><span class=\"wixui-rich-text__text\">CORONA VIRUS UPDATE<br class=\"wixui-rich-text__text\" \/>Aufgrund m\u00f6glicher bevorstehender staatlicher Marktregulierungen kann es vorkommen, dass wir unsere Bootsparty-Veranstaltungen nicht wie geplant durchf\u00fchren k\u00f6nnen. In diesem Fall behalten wir uns das Recht vor, innerhalb von 48 Stunden, vor oder nach der urspr\u00fcnglich geplanten Veranstaltung, eine alternative Bootstour anzubieten. Sobald wir innerhalb von 48 Stunden eine alternative Veranstaltung anbieten, entf\u00e4llt der Anspruch auf eine volle R\u00fcckerstattung. Der Check-in Ort kann von Playa den Bossa bis San Antonio, Ibiza, variieren.<\/span><\/p>\t\t\t\t\t\t\t\t<\/div>\n\t\t\t\t\t<\/div>\n\t\t\t\t<\/div>\n\t\t\t\t<\/div>","protected":false},"excerpt":{"rendered":"<p>TERMS &amp; CONDITIONS General Terms &amp; ConditionsEverything contained within these pages is protected by copyright laws. Reproduction of any part of this site in any form is only to be allowed with the written permission of Five Palm Entertainment LtdFive Palm Entertainment Ltd aim is to provide practical, reliable and no-nonsense travel information. Although we\u2019ve [&hellip;]<\/p>\n","protected":false},"author":2,"featured_media":0,"parent":0,"menu_order":0,"comment_status":"closed","ping_status":"closed","template":"","meta":{"_seopress_robots_primary_cat":"","_seopress_titles_title":"","_seopress_titles_desc":"","_seopress_robots_index":"","footnotes":""},"class_list":["post-1365","page","type-page","status-publish","hentry"],"_links":{"self":[{"href":"https:\/\/oceanbeat.com\/de\/wp-json\/wp\/v2\/pages\/1365","targetHints":{"allow":["GET"]}}],"collection":[{"href":"https:\/\/oceanbeat.com\/de\/wp-json\/wp\/v2\/pages"}],"about":[{"href":"https:\/\/oceanbeat.com\/de\/wp-json\/wp\/v2\/types\/page"}],"author":[{"embeddable":true,"href":"https:\/\/oceanbeat.com\/de\/wp-json\/wp\/v2\/users\/2"}],"replies":[{"embeddable":true,"href":"https:\/\/oceanbeat.com\/de\/wp-json\/wp\/v2\/comments?post=1365"}],"version-history":[{"count":7,"href":"https:\/\/oceanbeat.com\/de\/wp-json\/wp\/v2\/pages\/1365\/revisions"}],"predecessor-version":[{"id":1372,"href":"https:\/\/oceanbeat.com\/de\/wp-json\/wp\/v2\/pages\/1365\/revisions\/1372"}],"wp:attachment":[{"href":"https:\/\/oceanbeat.com\/de\/wp-json\/wp\/v2\/media?parent=1365"}],"curies":[{"name":"wp","href":"https:\/\/api.w.org\/{rel}","templated":true}]}}