{"id":1351,"date":"2025-07-25T10:02:03","date_gmt":"2025-07-25T08:02:03","guid":{"rendered":"https:\/\/oceanbeat.com\/?page_id=1351"},"modified":"2026-04-23T17:32:54","modified_gmt":"2026-04-23T15:32:54","slug":"imprimir","status":"publish","type":"page","link":"https:\/\/oceanbeat.com\/es\/imprint\/","title":{"rendered":"Pie de imprenta"},"content":{"rendered":"<div data-elementor-type=\"wp-page\" data-elementor-id=\"1351\" class=\"elementor elementor-1351\" data-elementor-post-type=\"page\">\n\t\t\t\t<div class=\"elementor-element elementor-element-40bb18b e-flex e-con-boxed e-con e-parent\" data-id=\"40bb18b\" data-element_type=\"container\" data-e-type=\"container\">\n\t\t\t\t\t<div class=\"e-con-inner\">\n\t\t\t\t<div class=\"elementor-element elementor-element-faa3c78 elementor-widget elementor-widget-heading\" data-id=\"faa3c78\" data-element_type=\"widget\" data-e-type=\"widget\" data-widget_type=\"heading.default\">\n\t\t\t\t\t<h2 class=\"elementor-heading-title elementor-size-default\">Pie de imprenta<\/h2>\t\t\t\t<\/div>\n\t\t\t\t<div class=\"elementor-element elementor-element-05b5410 elementor-widget elementor-widget-text-editor\" data-id=\"05b5410\" data-element_type=\"widget\" data-e-type=\"widget\" data-widget_type=\"text-editor.default\">\n\t\t\t\t\t\t\t\t\t<p class=\"font_8 wixui-rich-text__text\">Five Palm Entertainment S.L.<br class=\"wixui-rich-text__text\" \/>\u00a0<br class=\"wixui-rich-text__text\" \/>Calle del Faisan, NUM 1<br class=\"wixui-rich-text__text\" \/>Planta 1, Puerta 12<br class=\"wixui-rich-text__text\" \/>Nuestra Se\u00f1ora de Jes\u00fas<br class=\"wixui-rich-text__text\" \/>07819 Santa Eul\u00e0ria des Riu - (Illes Balears)<\/p><p class=\"font_8 wixui-rich-text__text\">\u00a0<br class=\"wixui-rich-text__text\" \/><span class=\"wixui-rich-text__text\"><a class=\"wixui-rich-text__text\" href=\"mailto:info@oceanbeat.es\" target=\"_self\">Haga clic aqu\u00ed para enviarnos un correo electr\u00f3nico<\/a><\/span><br class=\"wixui-rich-text__text\" \/>\u00a0<br class=\"wixui-rich-text__text\" \/>CONTENIDO<br class=\"wixui-rich-text__text\" \/>El autor se reserva el derecho de no ser responsable de la actualidad, exactitud, integridad o calidad de la informaci\u00f3n proporcionada. Por lo tanto, se rechazar\u00e1n las reclamaciones de responsabilidad por da\u00f1os causados por el uso de cualquier informaci\u00f3n proporcionada, incluyendo cualquier tipo de informaci\u00f3n que sea incompleta o incorrecta. Todas las ofertas son no vinculantes y sin compromiso. Algunas partes de las p\u00e1ginas o la publicaci\u00f3n completa, incluidas todas las ofertas y la informaci\u00f3n, pueden ser ampliadas, modificadas o suprimidas parcial o totalmente por el autor sin previo aviso.<\/p><p class=\"font_8 wixui-rich-text__text\"><span class=\"wixGuard wixui-rich-text__text\">\u200b<\/span><\/p><p class=\"font_8 wixui-rich-text__text\">REFERENCIAS Y ENLACES<br class=\"wixui-rich-text__text\" \/>El autor no es responsable de ning\u00fan contenido enlazado o al que se haga referencia desde sus p\u00e1ginas, a menos que tenga pleno conocimiento de contenidos ilegales y pueda evitar que los visitantes de su sitio vean esas p\u00e1ginas. Si se produce alg\u00fan da\u00f1o por el uso de la informaci\u00f3n presentada all\u00ed, s\u00f3lo el autor de las respectivas p\u00e1ginas podr\u00eda ser responsable, no el que ha vinculado a estas p\u00e1ginas. Adem\u00e1s, el autor no se hace responsable de los mensajes publicados por los usuarios de los foros de debate, libros de visitas o listas de correo que aparecen en su p\u00e1gina.<\/p><p class=\"font_8 wixui-rich-text__text\"><span class=\"wixGuard wixui-rich-text__text\">\u200b<\/span><\/p><p class=\"font_8 wixui-rich-text__text\">COPYRIGHT<br class=\"wixui-rich-text__text\" \/>El autor se propuso no utilizar ning\u00fan material protegido por derechos de autor para la publicaci\u00f3n o, de no ser posible, indicar los derechos de autor del objeto respectivo. Queda reservado el derecho de autor sobre cualquier material creado por el autor. Cualquier duplicaci\u00f3n o uso de objetos como diagramas, sonidos o textos en otras publicaciones electr\u00f3nicas o impresas no est\u00e1 permitido sin el consentimiento del autor.<\/p><p class=\"font_8 wixui-rich-text__text\"><span class=\"wixGuard wixui-rich-text__text\">\u200b<\/span><\/p><p class=\"font_8 wixui-rich-text__text\">POL\u00cdTICA DE PRIVACIDAD<br class=\"wixui-rich-text__text\" \/>Si se ofrece la posibilidad de introducir datos personales o comerciales (direcciones de correo electr\u00f3nico, nombre, direcciones), la introducci\u00f3n de estos datos se realiza de forma voluntaria. El uso y el pago de todos los servicios ofrecidos est\u00e1n permitidos -siempre y cuando sea t\u00e9cnicamente posible y razonable- sin especificaci\u00f3n de ning\u00fan dato personal o bajo especificaci\u00f3n de datos an\u00f3nimos o un alias. Se proh\u00edbe el uso de direcciones postales, n\u00fameros de tel\u00e9fono o fax y direcciones de correo electr\u00f3nico publicados con fines de marketing; se sancionar\u00e1 a los infractores que env\u00eden mensajes de spam no deseados.<\/p><p class=\"font_8 wixui-rich-text__text\"><span class=\"wixGuard wixui-rich-text__text\">\u200b<\/span><\/p><p class=\"font_8 wixui-rich-text__text\">VALIDEZ JUR\u00cdDICA DE LA PRESENTE CL\u00c1USULA DE EXENCI\u00d3N DE RESPONSABILIDAD<br class=\"wixui-rich-text__text\" \/>Esta exenci\u00f3n de responsabilidad debe considerarse parte de la publicaci\u00f3n en Internet desde la que se le ha remitido. Si algunas secciones o t\u00e9rminos individuales de esta declaraci\u00f3n no son legales o correctos, el contenido o la validez de las otras partes no se ver\u00e1n afectados por este hecho.<\/p>\t\t\t\t\t\t\t\t<\/div>\n\t\t\t\t\t<\/div>\n\t\t\t\t<\/div>\n\t\t\t\t<\/div>","protected":false},"excerpt":{"rendered":"<p>Imprint Five Palm Entertainment S.L.\u00a0Calle del Faisan, NUM 1Planta 1, Puerta 12Nuestra Se\u00f1ora de Jesus07819 Santa Eul\u00e0ria des Riu &#8211; (Illes Balears) \u00a0Click Here to send us an E-Mail\u00a0CONTENTThe author reserves the right not to be responsible for the topicality, correctness, completeness or quality of the information provided. Liability claims regarding damage caused by the [&hellip;]<\/p>\n","protected":false},"author":2,"featured_media":0,"parent":0,"menu_order":0,"comment_status":"closed","ping_status":"closed","template":"","meta":{"_seopress_robots_primary_cat":"","_seopress_titles_title":"","_seopress_titles_desc":"","_seopress_robots_index":"","footnotes":""},"class_list":["post-1351","page","type-page","status-publish","hentry"],"_links":{"self":[{"href":"https:\/\/oceanbeat.com\/es\/wp-json\/wp\/v2\/pages\/1351","targetHints":{"allow":["GET"]}}],"collection":[{"href":"https:\/\/oceanbeat.com\/es\/wp-json\/wp\/v2\/pages"}],"about":[{"href":"https:\/\/oceanbeat.com\/es\/wp-json\/wp\/v2\/types\/page"}],"author":[{"embeddable":true,"href":"https:\/\/oceanbeat.com\/es\/wp-json\/wp\/v2\/users\/2"}],"replies":[{"embeddable":true,"href":"https:\/\/oceanbeat.com\/es\/wp-json\/wp\/v2\/comments?post=1351"}],"version-history":[{"count":10,"href":"https:\/\/oceanbeat.com\/es\/wp-json\/wp\/v2\/pages\/1351\/revisions"}],"predecessor-version":[{"id":2663,"href":"https:\/\/oceanbeat.com\/es\/wp-json\/wp\/v2\/pages\/1351\/revisions\/2663"}],"wp:attachment":[{"href":"https:\/\/oceanbeat.com\/es\/wp-json\/wp\/v2\/media?parent=1351"}],"curies":[{"name":"wp","href":"https:\/\/api.w.org\/{rel}","templated":true}]}}