{"id":1365,"date":"2025-07-25T10:06:56","date_gmt":"2025-07-25T08:06:56","guid":{"rendered":"https:\/\/oceanbeat.com\/?page_id=1365"},"modified":"2026-02-08T18:11:17","modified_gmt":"2026-02-08T17:11:17","slug":"condiciones-generales","status":"publish","type":"page","link":"https:\/\/oceanbeat.com\/es\/terms-and-conditions\/","title":{"rendered":"Condiciones generales"},"content":{"rendered":"<div data-elementor-type=\"wp-page\" data-elementor-id=\"1365\" class=\"elementor elementor-1365\" data-elementor-post-type=\"page\">\n\t\t\t\t<div class=\"elementor-element elementor-element-e99b722 e-flex e-con-boxed e-con e-parent\" data-id=\"e99b722\" data-element_type=\"container\" data-e-type=\"container\">\n\t\t\t\t\t<div class=\"e-con-inner\">\n\t\t\t\t<div class=\"elementor-element elementor-element-6a53d31 elementor-widget elementor-widget-heading\" data-id=\"6a53d31\" data-element_type=\"widget\" data-e-type=\"widget\" data-widget_type=\"heading.default\">\n\t\t\t\t\t<h2 class=\"elementor-heading-title elementor-size-default\">\nCONDICIONES GENERALES<\/h2>\t\t\t\t<\/div>\n\t\t\t\t<div class=\"elementor-element elementor-element-586181b elementor-widget elementor-widget-text-editor\" data-id=\"586181b\" data-element_type=\"widget\" data-e-type=\"widget\" data-widget_type=\"text-editor.default\">\n\t\t\t\t\t\t\t\t\t<p class=\"font_8 wixui-rich-text__text\"><span class=\"wixui-rich-text__text\">Condiciones generales<br class=\"wixui-rich-text__text\" \/>Todo el contenido de estas p\u00e1ginas est\u00e1 protegido por las leyes de propiedad intelectual. La reproducci\u00f3n de cualquier parte de este sitio en cualquier forma s\u00f3lo se permite con el permiso por escrito de Five Palm Entertainment Ltd.<br class=\"wixui-rich-text__text\" \/>El objetivo de Five Palm Entertainment Ltd es proporcionar informaci\u00f3n pr\u00e1ctica, fiable y sencilla sobre viajes. Aunque hemos intentado que la informaci\u00f3n de este sitio web sea lo m\u00e1s precisa posible, no aceptamos ninguna responsabilidad por cualquier p\u00e9rdida, lesi\u00f3n o inconveniente sufrido por cualquier persona como resultado de la informaci\u00f3n publicada en este sitio.<br class=\"wixui-rich-text__text\" \/>Aunque proporciona muchos enlaces externos a otros sitios web, Five Palm Entertainment Ltdno acepta de ninguna manera la responsabilidad por el contenido y la exactitud de estos sitios web, y cualquier p\u00e9rdida, lesi\u00f3n o inconveniente sufrido por cualquier persona como resultado de la informaci\u00f3n publicada por estos sitios externos.<br class=\"wixui-rich-text__text\" \/>\u00a0<br class=\"wixui-rich-text__text\" \/>Exenci\u00f3n de responsabilidad<br class=\"wixui-rich-text__text\" \/>Five Palm Entertainment Ltd se esfuerza razonablemente por comprobar la exactitud de la informaci\u00f3n publicada. Sin embargo, debe tenerse en cuenta que Five Palm Entertainment Ltd no garantiza que dicha informaci\u00f3n est\u00e9 libre de errores y el usuario reconoce que la informaci\u00f3n, alojamiento o informaci\u00f3n de viaje, productos y servicios publicados pueden incluir inexactitudes o errores tipogr\u00e1ficos. Peri\u00f3dicamente se introducen cambios en la informaci\u00f3n aqu\u00ed contenida. Five Palm Entertainment Ltd y\/o sus respectivos proveedores pueden realizar mejoras y\/o cambios en cualquier momento.<br class=\"wixui-rich-text__text\" \/><br class=\"wixui-rich-text__text\" \/>En ning\u00fan caso Five Palm Entertainment Ltd y \/ o sus proveedores ser\u00e1n responsables de ning\u00fan da\u00f1o indirecto, incidental, especial o consecuente que surja de o est\u00e9 relacionado de alguna manera con el uso de servicios o material o con el retraso o la imposibilidad de utilizar lo anterior, o para cualquier informaci\u00f3n, alojamiento, productos y servicios obtenidos a trav\u00e9s de publicaciones, o que surjan del uso de estos sitios web, ya sea basado en contrato, agravio, responsabilidad estricta o de otro tipo, incluso si Five Palm Entertainment Ltd o cualquiera de sus proveedores ha sido advertido de la posibilidad de da\u00f1os.<br class=\"wixui-rich-text__text\" \/><br class=\"wixui-rich-text__text\" \/>Si, no obstante lo anterior, Five Palm Entertainment Ltd o cualquier proveedor de datos de terceros o proveedor de alojamiento debe ser encontrado responsable de cualquier p\u00e9rdida o da\u00f1o que surja de o est\u00e9 relacionado de alguna manera con cualquiera de las funciones descritas anteriormente o publicaciones de usuario, servicios o su contenido. Five Palm Entertainment Ltd y la responsabilidad del proveedor de datos de terceros y proveedor de alojamiento en ning\u00fan caso exceder\u00e1, en conjunto, la cuota de suscripci\u00f3n o cargo por servicio \/ cuota de reserva para acceder a este sitio con respecto a la cual se encuentra la responsabilidad y en ning\u00fan caso los proveedores ser\u00e1n responsables por la p\u00e9rdida de beneficios, oportunidades, ingresos o beneficios por el cliente y \/ o p\u00e9rdida indirecta o consecuente alguna.<br class=\"wixui-rich-text__text\" \/><br class=\"wixui-rich-text__text\" \/>El cliente indemnizar\u00e1 y mantendr\u00e1 indemne a los proveedores frente a todas las acciones o reclamaciones de terceros y los costes derivados de cualquier acto u omisi\u00f3n en virtud del acuerdo. El proveedor ser\u00e1 liberado de sus obligaciones en virtud del presente acuerdo cuando no cumpla con sus obligaciones a causa de un acto de Dios, las mercanc\u00edas, los ataques de incendio, inundaci\u00f3n o hundimiento, fallo del equipo, corte de energ\u00eda, paro laboral u otra acci\u00f3n industrial por parte del proveedor o de terceros, que sea directa o indirectamente, m\u00e1s all\u00e1 del control del proveedor. Five Palm Entertainment Ltd no es una parte del acuerdo y act\u00faa como operador del sistema de reservas solamente y, en principio, no tendr\u00e1 ninguna responsabilidad con respecto a los t\u00e9rminos del presente documento, ya sea directa o indirectamente.<br class=\"wixui-rich-text__text\" \/><br class=\"wixui-rich-text__text\" \/>Los clientes son responsables de seguir las instrucciones dadas por Oceanbeat (Five Palm Entertainment Ltd) en cuanto a lugar, hora y seguridad. Si no siguen las instrucciones no tendr\u00e1n derecho a ning\u00fan reembolso. Con la compra de una entrada el cliente acepta el uso comercial de fotos, material de v\u00eddeo, etc. que se tomen durante los eventos de Five Palm Entertainment Ltd.<br class=\"wixui-rich-text__text\" \/>Las entradas adquiridas son para uso personal del comprador y\/o del grupo. No pueden revenderse y son intransferibles.<br class=\"wixui-rich-text__text\" \/>Debes tener un m\u00ednimo de 18 a\u00f1os para asistir a discotecas, fiestas en barco u otros eventos relacionados con discotecas.<br class=\"wixui-rich-text__text\" \/>Reservas m\u00faltiples. En caso de reservas m\u00faltiples, el titular de la tarjeta de cr\u00e9dito deber\u00e1 presentarse en el recinto. Se denegar\u00e1 la entrada si no asiste el titular de la tarjeta de cr\u00e9dito utilizada para el pago de las entradas.<br class=\"wixui-rich-text__text\" \/><br class=\"wixui-rich-text__text\" \/>El titular de la tarjeta de cr\u00e9dito deber\u00e1 presentar la tarjeta de cr\u00e9dito utilizada para el pago, junto con un documento de identidad con fotograf\u00eda (permiso de conducir, documento nacional de identidad o pasaporte) a la entrada del recinto. No se aceptar\u00e1n fotocopias. (Si el pago se ha realizado a trav\u00e9s de PayPal o las entradas forman parte de un paquete, no ser\u00e1 necesario presentar la tarjeta de cr\u00e9dito). Casi todos los recintos exigen que los clientes muestren un billete de entrada impreso; esto se indica claramente en su correo electr\u00f3nico de confirmaci\u00f3n.<br class=\"wixui-rich-text__text\" \/>En caso de que el recinto no est\u00e9 abierto en la fecha para la que se adquiri\u00f3 la entrada, o si se cancela el evento, se le informar\u00e1 de ello con antelaci\u00f3n por correo electr\u00f3nico y se le reembolsar\u00e1 el importe \u00edntegro abonado.<br class=\"wixui-rich-text__text\" \/><br class=\"wixui-rich-text__text\" \/>El local se reserva el derecho de admisi\u00f3n en determinadas circunstancias, entre las que se incluyen pruebas de consumo de alcohol, drogas u otras sustancias estupefacientes. En caso de que se deniegue la entrada al recinto, Five Palm Entertainment Ltd no acepta ninguna responsabilidad al respecto y cualquier reclamaci\u00f3n pertinente deber\u00e1 dirigirse a los propietarios de la actividad.<br class=\"wixui-rich-text__text\" \/>En caso de robo o p\u00e9rdida de las entradas adquiridas, p\u00f3ngase en contacto con Five Palm Entertainment Ltd por correo electr\u00f3nico lo antes posible para obtener sustitutos.<br class=\"wixui-rich-text__text\" \/><br class=\"wixui-rich-text__text\" \/>La lista de DJs anunciados puede estar sujeta a cambios. Five Palm Entertainment Ltd no se hace responsable de los cambios realizados en este sentido.<br class=\"wixui-rich-text__text\" \/><br class=\"wixui-rich-text__text\" \/>En caso de que la tarjeta utilizada para comprar la entrada sea robada o las entradas se adquieran mediante un uso fraudulento de la tarjeta, se podr\u00e1 reclamar el importe poni\u00e9ndose en contacto con Five Palm Entertainment Ltd al menos 24 horas antes del evento. En este caso, se anular\u00e1n las entradas adquiridas.<br class=\"wixui-rich-text__text\" \/><br class=\"wixui-rich-text__text\" \/>Los clientes son responsables de seguir las instrucciones dadas por Oceanbeat (Five Palm Entertainment Ltd) en cuanto a lugar, hora y seguridad.<br class=\"wixui-rich-text__text\" \/><br class=\"wixui-rich-text__text\" \/>Con la compra de la entrada, EL cliente acepta el programa de protecci\u00f3n del medio ambiente de Five Palm Entertainment Ltd. El cliente tiene que hacerse cargo de sus vasos de pl\u00e1stico. Si el vaso se pierde, el cliente tendr\u00e1 que comprar uno nuevo por 1 \u20ac.<br class=\"wixui-rich-text__text\" \/><br class=\"wixui-rich-text__text\" \/>Five Palm Entertainment Ltd es s\u00f3lo el operador de la fiesta en barco. Para este evento, Five Palm Entertainment Ltd s\u00f3lo tiene una responsabilidad limitada, ya que Five Palm Entertainment Ltd no est\u00e1 equipada con locales de eventos propios. La fiesta en barco tiene lugar en un barco alquilado a la empresa Ulises Cat. La empresa Ulises Cat es responsable del cumplimiento de las normas de seguridad en el barco. Adem\u00e1s, Five Palm Entertainment Ltd asigna a la empresa de seguridad Control Solutions Ibiza S.L., que se encarga de la seguridad de nuestros clientes en el barco. El cliente encuentra las condiciones generales en detalle en la p\u00e1gina web de la empresa<a class=\"wixui-rich-text__text\" href=\"https:\/\/oceanbeat.com\" target=\"_blank\" rel=\"noreferrer noopener\">\u00a0oceanbeat.com<\/a><br class=\"wixui-rich-text__text\" \/><br class=\"wixui-rich-text__text\" \/>Para todos los dem\u00e1s eventos, incluidos la fiesta previa, la fiesta posterior y los eventos en discotecas, Five Palm Entertainment Ltd act\u00faa en esta transacci\u00f3n simplemente como agente del local, vendiendo entradas para acceder al mismo, por lo que cualquier responsabilidad se limita estrictamente al local para el que el cliente compra una entrada y la empresa no aceptar\u00e1 ninguna responsabilidad por las actividades que tengan lugar en el local. Todos los eventos ofrecidos a los clientes se basan en la disponibilidad, por lo que los lugares y las fechas pueden cambiar.<br class=\"wixui-rich-text__text\" \/><br class=\"wixui-rich-text__text\" \/>En caso de cualquier reclamaci\u00f3n derivada de esta transacci\u00f3n, p\u00f3ngase en contacto con Five Palm Entertainment Ltd Av. Pedro Matutes Noguera 22 bajo. Islas Baleares<br class=\"wixui-rich-text__text\" \/><br class=\"wixui-rich-text__text\" \/>En caso de incumplimiento de las obligaciones fundamentales del tratado (las llamadas obligaciones cardinales), que se basan en la negligencia ordinaria, el operador tiene una responsabilidad limitada por el sustituto de los da\u00f1os contractuales t\u00edpicos y previsibles.<br class=\"wixui-rich-text__text\" \/><br class=\"wixui-rich-text__text\" \/>Ulises Cat y la empresa de seguridad tienen responsabilidad ilimitada por da\u00f1os intencionados y por negligencia grave, en caso de no revelaci\u00f3n maliciosa de un defecto, as\u00ed como por da\u00f1os resultantes de la destrucci\u00f3n de la vida, lesiones f\u00edsicas o da\u00f1os a la salud.<br class=\"wixui-rich-text__text\" \/><br class=\"wixui-rich-text__text\" \/>El operador no ser\u00e1 responsable de los da\u00f1os causados por simple negligencia, salvo en los casos descritos en las letras B) y C).<br class=\"wixui-rich-text__text\" \/>\u00a0<br class=\"wixui-rich-text__text\" \/>Realizaci\u00f3n, aplazamiento o cancelaci\u00f3n del evento\/ Devoluci\u00f3n y reembolso de la entrada al evento.<br class=\"wixui-rich-text__text\" \/>En caso de cancelaci\u00f3n por parte de los clientes, Five Palm Entertainment Ltd. se reserva el derecho de retener los gastos de cancelaci\u00f3n equivalentes al coste de la reserva (prepago).<br class=\"wixui-rich-text__text\" \/><br class=\"wixui-rich-text__text\" \/>Five Palm Entertainment Ltd se reserva el derecho de reprogramar la fiesta en barco para otro momento dentro de las 24 horas sin reembolso. Las entradas para el evento s\u00f3lo se reembolsar\u00e1n en caso de cancelaci\u00f3n del evento sin evento alternativo. Se reembolsar\u00e1 el precio de compra, pero no los gastos de reserva anticipada, los gastos de env\u00edo ni ning\u00fan otro gasto. No se reembolsar\u00e1n los gastos de viaje. Por lo tanto, los visitantes tendr\u00e1n que informarse con la debida antelaci\u00f3n, si el evento tiene lugar.<br class=\"wixui-rich-text__text\" \/><br class=\"wixui-rich-text__text\" \/>El organizador se reserva el derecho de cambiar la hora y\/o el lugar del evento. El evento se celebrar\u00e1 independientemente de las condiciones meteorol\u00f3gicas, a menos que nuestro capit\u00e1n prevea un riesgo significativo para la vida, la salud, la seguridad o la comodidad de nuestros clientes, artistas y personal.<br class=\"wixui-rich-text__text\" \/><br class=\"wixui-rich-text__text\" \/>Por lo tanto, pueden surgir limitaciones importantes. Si se cancela el evento, se har\u00e1 por disposici\u00f3n del propietario de los locales del evento. La posibilidad de reembolso, y en qu\u00e9 medida, depender\u00e1 del momento en que se produzca la cancelaci\u00f3n del evento y de los servicios prestados hasta ese momento. Las disposiciones anteriores se aplican por analog\u00eda a otras cancelaciones necesarias del evento, por ejemplo, por cuestiones administrativas o t\u00e9cnicas. Debido a las condiciones meteorol\u00f3gicas, el viento, las fuertes corrientes, el intenso tr\u00e1fico portuario y otros factores en el mar, la hora de salida puede retrasarse hasta 2 horas. No es posible solicitar un reembolso por estos factores.<br class=\"wixui-rich-text__text\" \/><br class=\"wixui-rich-text__text\" \/>Pedimos a los clientes que dejen un margen de tiempo en torno a su fiesta en barco programada cuando planifiquen sus otras actividades.<\/span><\/p><p class=\"font_3 wixui-rich-text__text\">100% Garant\u00eda de satisfacci\u00f3n<\/p><p class=\"font_8 wixui-rich-text__text\">Si no est\u00e1 plenamente satisfecho con nuestra experiencia de fiesta en barco, le ofrecemos una garant\u00eda de devoluci\u00f3n total del dinero en las siguientes condiciones:<\/p><ol class=\"font_8 wixui-rich-text__text\"><li class=\"wixui-rich-text__text\"><p class=\"font_8 wixui-rich-text__text\">L\u00edmite de tiempo:<br class=\"wixui-rich-text__text\" \/>Debe avisar a cualquier miembro de la tripulaci\u00f3n en los primeros 20 minutos de la salida del barco.<\/p><\/li><li class=\"wixui-rich-text__text\"><p class=\"font_8 wixui-rich-text__text\">Procedimiento:<\/p><ul class=\"font_8 wixui-rich-text__text\"><li class=\"wixui-rich-text__text\"><p class=\"font_8 wixui-rich-text__text\">Tras la notificaci\u00f3n, nuestro personal cortar\u00e1 su pulsera para revocar permanentemente el acceso a la pista de baile superior y a las zonas de bar.<\/p><\/li><li class=\"wixui-rich-text__text\"><p class=\"font_8 wixui-rich-text__text\">Puede permanecer en las zonas designadas de la cubierta inferior hasta que regrese el barco.<\/p><\/li><li class=\"wixui-rich-text__text\"><p class=\"font_8 wixui-rich-text__text\">No se permitir\u00e1 el consumo de alimentos, bebidas o servicios una vez retirada la pulsera.<\/p><\/li><\/ul><\/li><li class=\"wixui-rich-text__text\"><p class=\"font_8 wixui-rich-text__text\">Reembolso:<\/p><ul class=\"font_8 wixui-rich-text__text\"><li class=\"wixui-rich-text__text\"><p class=\"font_8 wixui-rich-text__text\">Pagos en efectivo: Reembolso emitido inmediatamente despu\u00e9s del atraque.<\/p><\/li><li class=\"wixui-rich-text__text\"><p class=\"font_8 wixui-rich-text__text\">Pagos en l\u00ednea: Reembolso completo procesado en un plazo de 7 d\u00edas laborables.<\/p><\/li><\/ul><\/li><\/ol><p class=\"font_8 wixui-rich-text__text\">Nota: Esta garant\u00eda queda anulada pasados 20 minutos o si sigue utilizando los servicios despu\u00e9s de quitarse la pulsera. Las restricciones de acceso garantizan que no se realice un consumo parcial de los servicios de pago antes del reembolso.<\/p><p class=\"font_8 wixui-rich-text__text\"><br class=\"wixui-rich-text__text\" \/><br class=\"wixui-rich-text__text\" \/><span class=\"wixui-rich-text__text\">ACTUALIZACI\u00d3N DEL VIRUS CORONA<br class=\"wixui-rich-text__text\" \/>Debido a posibles regulaciones gubernamentales del mercado, es posible que no podamos celebrar nuestras fiestas en barco seg\u00fan lo previsto. En este caso, nos reservamos el derecho de ofrecer una excursi\u00f3n en barco alternativa en un plazo de 48 horas, antes o despu\u00e9s del evento previsto originalmente. Una vez que ofrezcamos un evento alternativo dentro del plazo de 48 horas, el derecho a un reembolso completo no ser\u00e1 v\u00e1lido. El lugar de llegada puede variar de Playa den Bossa a San Antonio, Ibiza.<\/span><\/p>\t\t\t\t\t\t\t\t<\/div>\n\t\t\t\t\t<\/div>\n\t\t\t\t<\/div>\n\t\t\t\t<\/div>","protected":false},"excerpt":{"rendered":"<p>TERMS &amp; CONDITIONS General Terms &amp; ConditionsEverything contained within these pages is protected by copyright laws. Reproduction of any part of this site in any form is only to be allowed with the written permission of Five Palm Entertainment LtdFive Palm Entertainment Ltd aim is to provide practical, reliable and no-nonsense travel information. Although we\u2019ve [&hellip;]<\/p>\n","protected":false},"author":2,"featured_media":0,"parent":0,"menu_order":0,"comment_status":"closed","ping_status":"closed","template":"","meta":{"_seopress_robots_primary_cat":"","_seopress_titles_title":"","_seopress_titles_desc":"","_seopress_robots_index":"","footnotes":""},"class_list":["post-1365","page","type-page","status-publish","hentry"],"_links":{"self":[{"href":"https:\/\/oceanbeat.com\/es\/wp-json\/wp\/v2\/pages\/1365","targetHints":{"allow":["GET"]}}],"collection":[{"href":"https:\/\/oceanbeat.com\/es\/wp-json\/wp\/v2\/pages"}],"about":[{"href":"https:\/\/oceanbeat.com\/es\/wp-json\/wp\/v2\/types\/page"}],"author":[{"embeddable":true,"href":"https:\/\/oceanbeat.com\/es\/wp-json\/wp\/v2\/users\/2"}],"replies":[{"embeddable":true,"href":"https:\/\/oceanbeat.com\/es\/wp-json\/wp\/v2\/comments?post=1365"}],"version-history":[{"count":7,"href":"https:\/\/oceanbeat.com\/es\/wp-json\/wp\/v2\/pages\/1365\/revisions"}],"predecessor-version":[{"id":1372,"href":"https:\/\/oceanbeat.com\/es\/wp-json\/wp\/v2\/pages\/1365\/revisions\/1372"}],"wp:attachment":[{"href":"https:\/\/oceanbeat.com\/es\/wp-json\/wp\/v2\/media?parent=1365"}],"curies":[{"name":"wp","href":"https:\/\/api.w.org\/{rel}","templated":true}]}}