{"id":1351,"date":"2025-07-25T10:02:03","date_gmt":"2025-07-25T08:02:03","guid":{"rendered":"https:\/\/oceanbeat.com\/?page_id=1351"},"modified":"2026-04-23T17:32:54","modified_gmt":"2026-04-23T15:32:54","slug":"impronta","status":"publish","type":"page","link":"https:\/\/oceanbeat.com\/it\/imprint\/","title":{"rendered":"Impronta"},"content":{"rendered":"<div data-elementor-type=\"wp-page\" data-elementor-id=\"1351\" class=\"elementor elementor-1351\" data-elementor-post-type=\"page\">\n\t\t\t\t<div class=\"elementor-element elementor-element-40bb18b e-flex e-con-boxed e-con e-parent\" data-id=\"40bb18b\" data-element_type=\"container\" data-e-type=\"container\">\n\t\t\t\t\t<div class=\"e-con-inner\">\n\t\t\t\t<div class=\"elementor-element elementor-element-faa3c78 elementor-widget elementor-widget-heading\" data-id=\"faa3c78\" data-element_type=\"widget\" data-e-type=\"widget\" data-widget_type=\"heading.default\">\n\t\t\t\t\t<h2 class=\"elementor-heading-title elementor-size-default\">Impronta<\/h2>\t\t\t\t<\/div>\n\t\t\t\t<div class=\"elementor-element elementor-element-05b5410 elementor-widget elementor-widget-text-editor\" data-id=\"05b5410\" data-element_type=\"widget\" data-e-type=\"widget\" data-widget_type=\"text-editor.default\">\n\t\t\t\t\t\t\t\t\t<p class=\"font_8 wixui-rich-text__text\">Five Palm Entertainment S.L.<br class=\"wixui-rich-text__text\" \/>\u00a0<br class=\"wixui-rich-text__text\" \/>Calle del Faisan, NUM 1<br class=\"wixui-rich-text__text\" \/>Planta 1, Puerta 12<br class=\"wixui-rich-text__text\" \/>Nuestra Se\u00f1ora de Jesus<br class=\"wixui-rich-text__text\" \/>07819 Santa Eul\u00e0ria des Riu - (Illes Balears)<\/p><p class=\"font_8 wixui-rich-text__text\">\u00a0<br class=\"wixui-rich-text__text\" \/><span class=\"wixui-rich-text__text\"><a class=\"wixui-rich-text__text\" href=\"mailto:info@oceanbeat.es\" target=\"_self\">Clicca qui per inviarci un'e-mail<\/a><\/span><br class=\"wixui-rich-text__text\" \/>\u00a0<br class=\"wixui-rich-text__text\" \/>CONTENUTO<br class=\"wixui-rich-text__text\" \/>L'autore si riserva il diritto di non essere responsabile dell'attualit\u00e0, della correttezza, della completezza o della qualit\u00e0 delle informazioni fornite. Le richieste di responsabilit\u00e0 per danni causati dall'uso delle informazioni fornite, comprese quelle incomplete o errate, saranno pertanto respinte. Tutte le offerte non sono vincolanti e senza impegno. Parti delle pagine o l'intera pubblicazione, comprese tutte le offerte e le informazioni, possono essere ampliate, modificate o parzialmente o completamente cancellate dall'autore senza un annuncio separato.<\/p><p class=\"font_8 wixui-rich-text__text\"><span class=\"wixGuard wixui-rich-text__text\">\u200b<\/span><\/p><p class=\"font_8 wixui-rich-text__text\">RIFERIMENTI E LINK<br class=\"wixui-rich-text__text\" \/>L'autore non \u00e8 responsabile di alcun contenuto collegato o a cui si fa riferimento dalle sue pagine, a meno che non sia a conoscenza di contenuti illegali e sia in grado di impedire ai visitatori del suo sito di visualizzare tali pagine. Se si verificano danni a causa dell'uso delle informazioni presentate, solo l'autore delle rispettive pagine pu\u00f2 essere responsabile, non colui che ha creato il link a queste pagine. Inoltre, l'autore non \u00e8 responsabile di eventuali post o messaggi pubblicati dagli utenti di forum di discussione, guestbook o mailing list presenti sulla sua pagina.<\/p><p class=\"font_8 wixui-rich-text__text\"><span class=\"wixGuard wixui-rich-text__text\">\u200b<\/span><\/p><p class=\"font_8 wixui-rich-text__text\">COPYRIGHT<br class=\"wixui-rich-text__text\" \/>L'autore ha inteso non utilizzare alcun materiale protetto da copyright per la pubblicazione o, se non possibile, indicare il copyright del rispettivo oggetto. Il copyright di qualsiasi materiale creato dall'autore \u00e8 riservato. La duplicazione o l'utilizzo di oggetti quali diagrammi, suoni o testi in altre pubblicazioni elettroniche o stampate non \u00e8 consentita senza il consenso dell'autore.<\/p><p class=\"font_8 wixui-rich-text__text\"><span class=\"wixGuard wixui-rich-text__text\">\u200b<\/span><\/p><p class=\"font_8 wixui-rich-text__text\">INFORMATIVA SULLA PRIVACY<br class=\"wixui-rich-text__text\" \/>Se viene data la possibilit\u00e0 di inserire dati personali o aziendali (indirizzi e-mail, nome, indirizzi), l'inserimento di questi dati avviene volontariamente. L'utilizzo e il pagamento di tutti i servizi offerti sono consentiti - se e nella misura in cui ci\u00f2 sia tecnicamente possibile e ragionevole - senza l'indicazione di alcun dato personale o con l'indicazione di dati anonimizzati o di uno pseudonimo. \u00c8 vietato l'uso di indirizzi postali, numeri di telefono o di fax e indirizzi e-mail pubblicati per scopi di marketing; i trasgressori che inviano messaggi di spam indesiderati saranno puniti.<\/p><p class=\"font_8 wixui-rich-text__text\"><span class=\"wixGuard wixui-rich-text__text\">\u200b<\/span><\/p><p class=\"font_8 wixui-rich-text__text\">VALIDIT\u00c0 LEGALE DELLA PRESENTE CLAUSOLA DI ESCLUSIONE DELLA RESPONSABILIT\u00c0<br class=\"wixui-rich-text__text\" \/>La presente dichiarazione di non responsabilit\u00e0 deve essere considerata parte integrante della pubblicazione internet da cui siete stati indirizzati. Se sezioni o singoli termini di questa dichiarazione non sono legali o corretti, il contenuto o la validit\u00e0 delle altre parti non sono influenzati da questo fatto.<\/p>\t\t\t\t\t\t\t\t<\/div>\n\t\t\t\t\t<\/div>\n\t\t\t\t<\/div>\n\t\t\t\t<\/div>","protected":false},"excerpt":{"rendered":"<p>Imprint Five Palm Entertainment S.L.\u00a0Calle del Faisan, NUM 1Planta 1, Puerta 12Nuestra Se\u00f1ora de Jesus07819 Santa Eul\u00e0ria des Riu &#8211; (Illes Balears) \u00a0Click Here to send us an E-Mail\u00a0CONTENTThe author reserves the right not to be responsible for the topicality, correctness, completeness or quality of the information provided. Liability claims regarding damage caused by the [&hellip;]<\/p>\n","protected":false},"author":2,"featured_media":0,"parent":0,"menu_order":0,"comment_status":"closed","ping_status":"closed","template":"","meta":{"_seopress_robots_primary_cat":"","_seopress_titles_title":"","_seopress_titles_desc":"","_seopress_robots_index":"","footnotes":""},"class_list":["post-1351","page","type-page","status-publish","hentry"],"_links":{"self":[{"href":"https:\/\/oceanbeat.com\/it\/wp-json\/wp\/v2\/pages\/1351","targetHints":{"allow":["GET"]}}],"collection":[{"href":"https:\/\/oceanbeat.com\/it\/wp-json\/wp\/v2\/pages"}],"about":[{"href":"https:\/\/oceanbeat.com\/it\/wp-json\/wp\/v2\/types\/page"}],"author":[{"embeddable":true,"href":"https:\/\/oceanbeat.com\/it\/wp-json\/wp\/v2\/users\/2"}],"replies":[{"embeddable":true,"href":"https:\/\/oceanbeat.com\/it\/wp-json\/wp\/v2\/comments?post=1351"}],"version-history":[{"count":10,"href":"https:\/\/oceanbeat.com\/it\/wp-json\/wp\/v2\/pages\/1351\/revisions"}],"predecessor-version":[{"id":2663,"href":"https:\/\/oceanbeat.com\/it\/wp-json\/wp\/v2\/pages\/1351\/revisions\/2663"}],"wp:attachment":[{"href":"https:\/\/oceanbeat.com\/it\/wp-json\/wp\/v2\/media?parent=1351"}],"curies":[{"name":"wp","href":"https:\/\/api.w.org\/{rel}","templated":true}]}}