{"id":1365,"date":"2025-07-25T10:06:56","date_gmt":"2025-07-25T08:06:56","guid":{"rendered":"https:\/\/oceanbeat.com\/?page_id=1365"},"modified":"2026-02-08T18:11:17","modified_gmt":"2026-02-08T17:11:17","slug":"termini-e-condizioni","status":"publish","type":"page","link":"https:\/\/oceanbeat.com\/it\/terms-and-conditions\/","title":{"rendered":"Termini e condizioni"},"content":{"rendered":"<div data-elementor-type=\"wp-page\" data-elementor-id=\"1365\" class=\"elementor elementor-1365\" data-elementor-post-type=\"page\">\n\t\t\t\t<div class=\"elementor-element elementor-element-e99b722 e-flex e-con-boxed e-con e-parent\" data-id=\"e99b722\" data-element_type=\"container\" data-e-type=\"container\">\n\t\t\t\t\t<div class=\"e-con-inner\">\n\t\t\t\t<div class=\"elementor-element elementor-element-6a53d31 elementor-widget elementor-widget-heading\" data-id=\"6a53d31\" data-element_type=\"widget\" data-e-type=\"widget\" data-widget_type=\"heading.default\">\n\t\t\t\t\t<h2 class=\"elementor-heading-title elementor-size-default\">\nTERMINI E CONDIZIONI<\/h2>\t\t\t\t<\/div>\n\t\t\t\t<div class=\"elementor-element elementor-element-586181b elementor-widget elementor-widget-text-editor\" data-id=\"586181b\" data-element_type=\"widget\" data-e-type=\"widget\" data-widget_type=\"text-editor.default\">\n\t\t\t\t\t\t\t\t\t<p class=\"font_8 wixui-rich-text__text\"><span class=\"wixui-rich-text__text\">Termini e condizioni generali<br class=\"wixui-rich-text__text\" \/>Tutto ci\u00f2 che \u00e8 contenuto in queste pagine \u00e8 protetto dalle leggi sul copyright. La riproduzione di qualsiasi parte di questo sito in qualsiasi forma \u00e8 consentita solo con l'autorizzazione scritta di Five Palm Entertainment Ltd.<br class=\"wixui-rich-text__text\" \/>L'obiettivo di Five Palm Entertainment Ltd \u00e8 quello di fornire informazioni di viaggio pratiche, affidabili e senza fronzoli. Sebbene abbiamo cercato di rendere le informazioni di questo sito web il pi\u00f9 accurate possibile, non ci assumiamo alcuna responsabilit\u00e0 per eventuali perdite, lesioni o disagi subiti da qualsiasi persona a causa delle informazioni pubblicate su questo sito.<br class=\"wixui-rich-text__text\" \/>Pur fornendo molti link esterni ad altri siti web, Five Palm Entertainment Ltd non si assume in alcun modo la responsabilit\u00e0 per i contenuti e l'accuratezza di questi siti web, n\u00e9 per eventuali perdite, lesioni o inconvenienti subiti da qualsiasi persona a causa delle informazioni pubblicate da questi siti esterni.<br class=\"wixui-rich-text__text\" \/>\u00a0<br class=\"wixui-rich-text__text\" \/>Esclusioni di responsabilit\u00e0<br class=\"wixui-rich-text__text\" \/>Five Palm Entertainment Ltd si impegna a verificare l'accuratezza delle informazioni pubblicate. Tuttavia, l'utente deve tenere presente che Five Palm Entertainment Ltd non garantisce che tali informazioni siano prive di errori e l'utente riconosce che le informazioni, le sistemazioni o i viaggi, i prodotti e i servizi pubblicati possono contenere imprecisioni o errori tipografici. Le informazioni contenute nel presente documento vengono periodicamente modificate. Five Palm Entertainment Ltd e\/o i suoi rispettivi fornitori possono apportare miglioramenti e\/o modifiche in qualsiasi momento.<br class=\"wixui-rich-text__text\" \/><br class=\"wixui-rich-text__text\" \/>In nessun caso Five Palm Entertainment Ltd e\/o i suoi fornitori saranno responsabili per qualsiasi danno indiretto, incidentale, speciale o consequenziale derivante da o in qualsiasi modo collegato all'uso dei servizi o del materiale o al ritardo o all'impossibilit\u00e0 di utilizzare i suddetti, o per qualsiasi informazione, sistemazione, prodotto e servizio ottenuto tramite pubblicazioni o altrimenti derivante dall'uso di questi siti web, sia esso basato su contratto, torto, responsabilit\u00e0 oggettiva o altro, anche se Five Palm Entertainment Ltd o uno dei suoi fornitori \u00e8 stato avvisato della possibilit\u00e0 di danni.<br class=\"wixui-rich-text__text\" \/><br class=\"wixui-rich-text__text\" \/>Se, nonostante quanto sopra, Five Palm Entertainment Ltd o qualsiasi fornitore di dati di terze parti o fornitore di alloggi dovessero essere ritenuti responsabili per qualsiasi perdita o danno derivante da o in qualsiasi modo collegato a una qualsiasi delle funzioni sopra descritte o alle pubblicazioni degli utenti, ai servizi o ai suoi contenuti. La responsabilit\u00e0 di Five Palm Entertainment Ltd e dei terzi fornitori di dati e alloggi non superer\u00e0 in nessun caso, in aggregato, la quota di abbonamento o il costo del servizio\/prenotazione per l'accesso a questo sito in relazione al quale \u00e8 stata riscontrata la responsabilit\u00e0 e in nessun caso i fornitori saranno responsabili per la perdita di profitti, opportunit\u00e0, entrate o profitti da parte del cliente e\/o per perdite indirette o consequenziali di qualsiasi tipo.<br class=\"wixui-rich-text__text\" \/><br class=\"wixui-rich-text__text\" \/>Il cliente dovr\u00e0 indennizzare e tenere indenne il fornitore da tutte le azioni o rivendicazioni di terzi e dai costi derivanti da qualsiasi azione o omissione ai sensi del contratto. Il fornitore sar\u00e0 esonerato dai suoi obblighi ai sensi del presente accordo qualora non riesca a soddisfare i suoi obblighi a causa di una causa di forza maggiore, di un incendio, di un'inondazione o di un cedimento, di un guasto alle apparecchiature, di un'interruzione dell'energia elettrica, di un'interruzione del lavoro o di un'altra azione industriale da parte del fornitore o di terzi, che sia direttamente o indirettamente al di fuori del controllo del fornitore. Five Palm Entertainment Ltd non \u00e8 una parte del contratto e agisce solo come operatore del sistema di prenotazione e non avr\u00e0 alcuna responsabilit\u00e0 in merito ai termini del presente documento, sia direttamente che indirettamente.<br class=\"wixui-rich-text__text\" \/><br class=\"wixui-rich-text__text\" \/>I clienti sono tenuti a seguire le istruzioni fornite da Oceanbeat (Five Palm Entertainment Ltd) in merito al luogo, all'orario e alla sicurezza. Se non seguono le istruzioni non hanno diritto ad alcun rimborso. Con l'acquisto di un biglietto il cliente acconsente all'uso commerciale di foto, materiale video, ecc. ripresi durante gli eventi della Five Palm Entertainment Ltd.<br class=\"wixui-rich-text__text\" \/>I biglietti acquistati sono destinati all'uso personale dell'acquirente e\/o del gruppo. Non possono essere rivenduti e non sono trasferibili.<br class=\"wixui-rich-text__text\" \/>\u00c8 necessario avere un'et\u00e0 minima di 18 anni per frequentare i locali, le feste in barca o altri eventi legati ai locali.<br class=\"wixui-rich-text__text\" \/>Prenotazioni multiple. In caso di prenotazioni multiple, il titolare della carta di credito \u00e8 tenuto a presentarsi al locale. L'ingresso sar\u00e0 rifiutato se non sar\u00e0 presente il titolare della carta di credito utilizzata per il pagamento dei biglietti.<br class=\"wixui-rich-text__text\" \/><br class=\"wixui-rich-text__text\" \/>Il titolare della carta di credito dovr\u00e0 presentare la carta di credito utilizzata per il pagamento, insieme a un documento d'identit\u00e0 con fotografia (patente di guida, documento d'identit\u00e0 nazionale o passaporto) all'ingresso della sede. Non saranno accettate fotocopie. (Se il pagamento \u00e8 stato effettuato tramite PayPal o se i biglietti fanno parte di un pacchetto, la presentazione della carta di credito non \u00e8 necessaria). Quasi tutti i locali richiedono ai clienti di esibire un biglietto d'ingresso stampato, come indicato chiaramente nell'e-mail di conferma.<br class=\"wixui-rich-text__text\" \/>Nel caso in cui la sede non sia aperta nella data per la quale \u00e8 stato acquistato il biglietto, o se l'evento viene annullato, sarete avvisati in anticipo via e-mail e vi sar\u00e0 rimborsato l'intero importo pagato.<br class=\"wixui-rich-text__text\" \/><br class=\"wixui-rich-text__text\" \/>Il locale si riserva il diritto di rifiutare l'ingresso in circostanze specifiche, tra cui l'evidenza del consumo di alcol, droghe o altre sostanze stupefacenti. In caso di rifiuto dell'ingresso al locale, Five Palm Entertainment Ltd non si assume alcuna responsabilit\u00e0 al riguardo e qualsiasi reclamo appropriato deve essere presentato ai proprietari dell'attivit\u00e0.<br class=\"wixui-rich-text__text\" \/>In caso di furto o smarrimento dei biglietti acquistati, contattare Five Palm Entertainment Ltd via e-mail il prima possibile per ottenere la sostituzione.<br class=\"wixui-rich-text__text\" \/><br class=\"wixui-rich-text__text\" \/>L'elenco dei DJ pubblicizzati pu\u00f2 essere soggetto a modifiche. Five Palm Entertainment Ltd non pu\u00f2 essere ritenuta responsabile per eventuali modifiche apportate a questo proposito.<br class=\"wixui-rich-text__text\" \/><br class=\"wixui-rich-text__text\" \/>Nel caso in cui la carta utilizzata per l'acquisto del biglietto venga rubata o i biglietti siano stati acquistati tramite un uso fraudolento della carta, l'importo pu\u00f2 essere recuperato contattando Five Palm Entertainment Ltd almeno 24 ore prima dell'evento. In questo caso, i biglietti acquistati saranno annullati.<br class=\"wixui-rich-text__text\" \/><br class=\"wixui-rich-text__text\" \/>I clienti sono tenuti a seguire le istruzioni fornite da Oceanbeat (Five Palm Entertainment Ltd) in merito al luogo, all'orario e alla sicurezza.<br class=\"wixui-rich-text__text\" \/><br class=\"wixui-rich-text__text\" \/>Con l'acquisto del biglietto, IL cliente accetta il programma di tutela ambientale di Five Palm Entertainment Ltd. Il cliente deve prendersi cura dei propri bicchieri di plastica. Se il bicchiere viene perso, il cliente dovr\u00e0 acquistarne uno nuovo al costo di 1 \u20ac.<br class=\"wixui-rich-text__text\" \/><br class=\"wixui-rich-text__text\" \/>Five Palm Entertainment Ltd \u00e8 solo l'operatore della festa in barca. Per questo evento, Five Palm Entertainment Ltd ha solo una responsabilit\u00e0 limitata, dal momento che Five Palm Entertainment Ltd non dispone di locali propri per gli eventi. La festa in barca si svolge su una barca noleggiata dalla societ\u00e0 Ulises Cat. La societ\u00e0 Ulises Cat \u00e8 responsabile del rispetto delle norme di sicurezza sulla barca. Inoltre, Five Palm Entertainment Ltd affida alla societ\u00e0 di sicurezza Control Solutions Ibiza S.L. il compito di garantire la sicurezza dei nostri clienti sulla barca. Il cliente pu\u00f2 trovare i termini e le condizioni generali in dettaglio sulla homepage dell'azienda.<a class=\"wixui-rich-text__text\" href=\"https:\/\/oceanbeat.com\" target=\"_blank\" rel=\"noreferrer noopener\">\u00a0oceanbeat.com<\/a><br class=\"wixui-rich-text__text\" \/><br class=\"wixui-rich-text__text\" \/>Per tutti gli altri eventi, compresi i pre-party, gli after-party e gli eventi nei club, Five Palm Entertainment Ltd agisce in questa transazione solo come agente per il locale, vendendo i biglietti per accedervi; pertanto, qualsiasi responsabilit\u00e0 \u00e8 strettamente limitata al locale per il quale il cliente acquista il biglietto e la societ\u00e0 non accetta alcuna responsabilit\u00e0 per le attivit\u00e0 che si svolgono nel locale. Tutti gli eventi offerti ai clienti sono basati sulla disponibilit\u00e0, pertanto i luoghi e le date possono cambiare.<br class=\"wixui-rich-text__text\" \/><br class=\"wixui-rich-text__text\" \/>In caso di reclami derivanti da questa transazione, si prega di contattare Five Palm Entertainment Ltd Av. Pedro Matutes Noguera 22 bajo. Isole Baleari<br class=\"wixui-rich-text__text\" \/><br class=\"wixui-rich-text__text\" \/>In caso di violazione degli obblighi fondamentali del trattato (i cosiddetti obblighi cardinali), che si basano sulla negligenza ordinaria, l'operatore ha una responsabilit\u00e0 limitata al sostituto per i danni contrattuali tipici e prevedibili.<br class=\"wixui-rich-text__text\" \/><br class=\"wixui-rich-text__text\" \/>Ulises Cat e la societ\u00e0 di sicurezza hanno una responsabilit\u00e0 illimitata per danni intenzionali e per negligenza grave, in caso di mancata divulgazione dolosa di un difetto, nonch\u00e9 per danni derivanti dalla distruzione di vite umane, lesioni fisiche o danni alla salute.<br class=\"wixui-rich-text__text\" \/><br class=\"wixui-rich-text__text\" \/>L'operatore non \u00e8 responsabile dei danni causati da semplice negligenza, tranne nei casi descritti ai punti (B) e (C).<br class=\"wixui-rich-text__text\" \/>\u00a0<br class=\"wixui-rich-text__text\" \/>Realizzazione, rinvio o annullamento dell'evento\/ Restituzione e rimborso del biglietto dell'evento.<br class=\"wixui-rich-text__text\" \/>In caso di cancellazione del cliente, Five Palm Entertainment Ltd. si riserva il diritto di trattenere le spese di cancellazione pari al costo della prenotazione (pre-pagamento).<br class=\"wixui-rich-text__text\" \/><br class=\"wixui-rich-text__text\" \/>Five Palm Entertainment Ltd si riserva il diritto di riprogrammare la festa in barca in un altro momento entro 24 ore senza alcun rimborso. I biglietti dell'evento saranno rimborsati solo in caso di cancellazione dell'evento senza un evento alternativo. Il prezzo di acquisto sar\u00e0 rimborsato, ma non le spese di prenotazione anticipata, le spese di spedizione o qualsiasi altra spesa. Le spese di viaggio non saranno rimborsate. Pertanto, i visitatori dovranno informarsi per tempo se l'evento avr\u00e0 luogo.<br class=\"wixui-rich-text__text\" \/><br class=\"wixui-rich-text__text\" \/>L'organizzatore si riserva il diritto di modificare l'orario e\/o il luogo dell'evento. I biglietti dell'evento mantengono quindi la loro validit\u00e0. L'evento si svolger\u00e0 indipendentemente dalle condizioni meteorologiche, a meno che il nostro capitano non preveda un rischio significativo per la vita, la salute, la sicurezza o il comfort dei nostri clienti, artisti e personale.<br class=\"wixui-rich-text__text\" \/><br class=\"wixui-rich-text__text\" \/>Pertanto, potrebbero verificarsi limitazioni significative. Se l'evento viene cancellato, ci\u00f2 avverr\u00e0 su disposizione del proprietario della localit\u00e0 in cui si svolge l'evento. Se e in che misura pu\u00f2 essere concesso un rimborso dipende dalla tempistica della cancellazione dell'evento e dai servizi forniti fino a quel momento. Le disposizioni di cui sopra si applicano per analogia ad altre cancellazioni necessarie dell'evento, ad esempio per questioni amministrative o tecniche. A causa di condizioni meteorologiche, vento, forti correnti, traffico portuale intenso e altri fattori in mare, l'orario di partenza pu\u00f2 essere ritardato fino a 2 ore. Non \u00e8 possibile richiedere un rimborso per questi fattori.<br class=\"wixui-rich-text__text\" \/><br class=\"wixui-rich-text__text\" \/>Chiediamo ai clienti di lasciare un margine di tempo intorno alla festa in barca programmata, quando pianificano le altre attivit\u00e0.<\/span><\/p><p class=\"font_3 wixui-rich-text__text\">100% Garanzia di soddisfazione<\/p><p class=\"font_8 wixui-rich-text__text\">Se non siete pienamente soddisfatti della nostra esperienza di festa in barca, vi offriamo una garanzia di rimborso totale alle seguenti condizioni:<\/p><ol class=\"font_8 wixui-rich-text__text\"><li class=\"wixui-rich-text__text\"><p class=\"font_8 wixui-rich-text__text\">Limite di tempo:<br class=\"wixui-rich-text__text\" \/>\u00c8 necessario avvisare qualsiasi membro dell'equipaggio entro i primi 20 minuti dalla partenza dell'imbarcazione.<\/p><\/li><li class=\"wixui-rich-text__text\"><p class=\"font_8 wixui-rich-text__text\">Procedura:<\/p><ul class=\"font_8 wixui-rich-text__text\"><li class=\"wixui-rich-text__text\"><p class=\"font_8 wixui-rich-text__text\">Su segnalazione, il nostro personale taglier\u00e0 il vostro braccialetto per revocare definitivamente l'accesso alla pista da ballo superiore e alle aree bar.<\/p><\/li><li class=\"wixui-rich-text__text\"><p class=\"font_8 wixui-rich-text__text\">\u00c8 possibile rimanere nelle aree designate del ponte inferiore fino al ritorno della barca.<\/p><\/li><li class=\"wixui-rich-text__text\"><p class=\"font_8 wixui-rich-text__text\">Dopo la rimozione del braccialetto non sar\u00e0 pi\u00f9 possibile consumare cibo, bevande o servizi.<\/p><\/li><\/ul><\/li><li class=\"wixui-rich-text__text\"><p class=\"font_8 wixui-rich-text__text\">Rimborso:<\/p><ul class=\"font_8 wixui-rich-text__text\"><li class=\"wixui-rich-text__text\"><p class=\"font_8 wixui-rich-text__text\">Pagamenti in contanti: Rimborso immediato al momento dell'attracco.<\/p><\/li><li class=\"wixui-rich-text__text\"><p class=\"font_8 wixui-rich-text__text\">Pagamenti online: Il rimborso completo viene elaborato entro 7 giorni lavorativi.<\/p><\/li><\/ul><\/li><\/ol><p class=\"font_8 wixui-rich-text__text\">Nota: questa garanzia decade dopo 20 minuti o se si continua a utilizzare i servizi dopo la rimozione del braccialetto. Le restrizioni di accesso impediscono il consumo parziale dei servizi pagati prima del rimborso.<\/p><p class=\"font_8 wixui-rich-text__text\"><br class=\"wixui-rich-text__text\" \/><br class=\"wixui-rich-text__text\" \/><span class=\"wixui-rich-text__text\">AGGIORNAMENTO DEL VIRUS CORONA<br class=\"wixui-rich-text__text\" \/>A causa di eventuali imminenti normative governative sul mercato, potremmo non essere in grado di svolgere i nostri eventi di festa in barca come previsto. In questo caso, ci riserviamo il diritto di offrire un tour alternativo in barca entro 48 ore, prima o dopo l'evento originariamente previsto. Una volta offerto un evento alternativo entro le 48 ore, il diritto al rimborso completo non \u00e8 valido. Il luogo del check-in pu\u00f2 variare da Playa den Bossa a San Antonio, Ibiza.<\/span><\/p>\t\t\t\t\t\t\t\t<\/div>\n\t\t\t\t\t<\/div>\n\t\t\t\t<\/div>\n\t\t\t\t<\/div>","protected":false},"excerpt":{"rendered":"<p>TERMS &amp; CONDITIONS General Terms &amp; ConditionsEverything contained within these pages is protected by copyright laws. Reproduction of any part of this site in any form is only to be allowed with the written permission of Five Palm Entertainment LtdFive Palm Entertainment Ltd aim is to provide practical, reliable and no-nonsense travel information. Although we\u2019ve [&hellip;]<\/p>\n","protected":false},"author":2,"featured_media":0,"parent":0,"menu_order":0,"comment_status":"closed","ping_status":"closed","template":"","meta":{"_seopress_robots_primary_cat":"","_seopress_titles_title":"","_seopress_titles_desc":"","_seopress_robots_index":"","footnotes":""},"class_list":["post-1365","page","type-page","status-publish","hentry"],"_links":{"self":[{"href":"https:\/\/oceanbeat.com\/it\/wp-json\/wp\/v2\/pages\/1365","targetHints":{"allow":["GET"]}}],"collection":[{"href":"https:\/\/oceanbeat.com\/it\/wp-json\/wp\/v2\/pages"}],"about":[{"href":"https:\/\/oceanbeat.com\/it\/wp-json\/wp\/v2\/types\/page"}],"author":[{"embeddable":true,"href":"https:\/\/oceanbeat.com\/it\/wp-json\/wp\/v2\/users\/2"}],"replies":[{"embeddable":true,"href":"https:\/\/oceanbeat.com\/it\/wp-json\/wp\/v2\/comments?post=1365"}],"version-history":[{"count":7,"href":"https:\/\/oceanbeat.com\/it\/wp-json\/wp\/v2\/pages\/1365\/revisions"}],"predecessor-version":[{"id":1372,"href":"https:\/\/oceanbeat.com\/it\/wp-json\/wp\/v2\/pages\/1365\/revisions\/1372"}],"wp:attachment":[{"href":"https:\/\/oceanbeat.com\/it\/wp-json\/wp\/v2\/media?parent=1365"}],"curies":[{"name":"wp","href":"https:\/\/api.w.org\/{rel}","templated":true}]}}